{"id":32,"date":"2023-11-29T19:33:09","date_gmt":"2023-11-29T18:33:09","guid":{"rendered":"https:\/\/timeprints-film.de\/?page_id=32"},"modified":"2025-09-23T17:37:33","modified_gmt":"2025-09-23T15:37:33","slug":"imprint","status":"publish","type":"page","link":"https:\/\/timeprints-film.de\/en\/imprint\/","title":{"rendered":"Imprint"},"content":{"rendered":"<div class=\"fusion-fullwidth fullwidth-box fusion-builder-row-1 fusion-flex-container has-pattern-background has-mask-background nonhundred-percent-fullwidth non-hundred-percent-height-scrolling\" style=\"--awb-border-radius-top-left:0px;--awb-border-radius-top-right:0px;--awb-border-radius-bottom-right:0px;--awb-border-radius-bottom-left:0px;--awb-flex-wrap:wrap;\" ><div class=\"fusion-builder-row fusion-row fusion-flex-align-items-flex-start fusion-flex-content-wrap\" style=\"max-width:1248px;margin-left: calc(-4% \/ 2 );margin-right: calc(-4% \/ 2 );\"><div class=\"fusion-layout-column fusion_builder_column fusion-builder-column-0 fusion_builder_column_1_1 1_1 fusion-flex-column\" style=\"--awb-bg-size:cover;--awb-width-large:100%;--awb-margin-top-large:0px;--awb-spacing-right-large:1.92%;--awb-margin-bottom-large:20px;--awb-spacing-left-large:1.92%;--awb-width-medium:100%;--awb-order-medium:0;--awb-spacing-right-medium:1.92%;--awb-spacing-left-medium:1.92%;--awb-width-small:100%;--awb-order-small:0;--awb-spacing-right-small:1.92%;--awb-spacing-left-small:1.92%;\"><div class=\"fusion-column-wrapper fusion-column-has-shadow fusion-flex-justify-content-flex-start fusion-content-layout-column\"><div class=\"fusion-separator fusion-full-width-sep\" style=\"align-self: center;margin-left: auto;margin-right: auto;margin-top:150px;width:100%;\"><\/div><div class=\"fusion-text fusion-text-1\"><h1 style=\"text-align: left;\">Imprint<\/h1>\n<div class=\"elementor-element elementor-element-2bedb54 elementor-widget elementor-widget-text-editor\" data-id=\"2bedb54\" data-element_type=\"widget\" data-widget_type=\"text-editor.default\">\n<div class=\"elementor-widget-container\">\n<p>Vertretungsberechtiger Gesellschafter:\u00a0Michael Truckenbrodt (Komplement\u00e4r)<\/p>\n<p>E-mail: info[at]timeprints.de<\/p>\n<p>Tel.: +49 (0)30 2758 2138<br \/>\nFax: +49 (0)30 2758 2242<br \/>\nMobil: +49 (0)170 938 1111<\/p>\n<\/div>\n<\/div>\n<div class=\"elementor-element elementor-element-3ac2cc6 elementor-widget elementor-widget-text-editor\" data-id=\"3ac2cc6\" data-element_type=\"widget\" data-widget_type=\"text-editor.default\">\n<div class=\"elementor-widget-container\">\n<p>Registergericht: Amtsgericht Charlottenburg<br \/>\nRegisternummer: HRA 40268 B<br \/>\nUmsatzsteuer-Identifikationsnummer gem. \u00a7 27a UStG: DE245009731<br \/>\nInhaltlich Verantwortlicher gem. \u00a7 55 II RStV: Michael Truckenbrodt<\/p>\n<\/div>\n<\/div>\n<div class=\"elementor-element elementor-element-4f44f6e elementor-widget elementor-widget-text-editor\" data-id=\"4f44f6e\" data-element_type=\"widget\" data-widget_type=\"text-editor.default\">\n<div class=\"elementor-widget-container\">\n<p>Dieses Impressum gilt auch f\u00fcr unsere Social-Media-Pr\u00e4senz auf\u00a0<a href=\"https:\/\/www.facebook.com\/timeprintsberlin\/\" target=\"_blank\" rel=\"noopener noreferrer\">Facebook<\/a>.<\/p>\n<\/div>\n<\/div>\n<div class=\"elementor-element elementor-element-a56b6ba elementor-widget elementor-widget-text-editor\" data-id=\"a56b6ba\" data-element_type=\"widget\" data-widget_type=\"text-editor.default\">\n<div class=\"elementor-widget-container\">\n<p>Haftungshinweis:\u00a0Trotz sorgf\u00e4ltiger inhaltlicher Kontrolle \u00fcbernehmen wir keine Haftung f\u00fcr die Inhalte externer Links.<\/p>\n<\/div>\n<\/div>\n<div class=\"elementor-element elementor-element-374b13e elementor-widget elementor-widget-text-editor\" data-id=\"374b13e\" data-element_type=\"widget\" data-widget_type=\"text-editor.default\">\n<div class=\"elementor-widget-container\">\n<p>F\u00fcr den Inhalt der verlinkten Seiten sind ausschlie\u00dflich deren Betreiber verantwortlich.<\/p>\n<\/div>\n<\/div>\n<\/div><div class=\"fusion-separator fusion-full-width-sep\" style=\"align-self: center;margin-left: auto;margin-right: auto;margin-top:150px;width:100%;\"><\/div><\/div><\/div><\/div><\/div>\n","protected":false},"excerpt":{"rendered":"","protected":false},"author":1,"featured_media":0,"parent":0,"menu_order":0,"comment_status":"closed","ping_status":"closed","template":"100-width.php","meta":{"footnotes":""},"class_list":["post-32","page","type-page","status-publish","hentry"],"_links":{"self":[{"href":"https:\/\/timeprints-film.de\/en\/wp-json\/wp\/v2\/pages\/32","targetHints":{"allow":["GET"]}}],"collection":[{"href":"https:\/\/timeprints-film.de\/en\/wp-json\/wp\/v2\/pages"}],"about":[{"href":"https:\/\/timeprints-film.de\/en\/wp-json\/wp\/v2\/types\/page"}],"author":[{"embeddable":true,"href":"https:\/\/timeprints-film.de\/en\/wp-json\/wp\/v2\/users\/1"}],"replies":[{"embeddable":true,"href":"https:\/\/timeprints-film.de\/en\/wp-json\/wp\/v2\/comments?post=32"}],"version-history":[{"count":3,"href":"https:\/\/timeprints-film.de\/en\/wp-json\/wp\/v2\/pages\/32\/revisions"}],"predecessor-version":[{"id":1121,"href":"https:\/\/timeprints-film.de\/en\/wp-json\/wp\/v2\/pages\/32\/revisions\/1121"}],"wp:attachment":[{"href":"https:\/\/timeprints-film.de\/en\/wp-json\/wp\/v2\/media?parent=32"}],"curies":[{"name":"wp","href":"https:\/\/api.w.org\/{rel}","templated":true}]}}